{"id":592,"date":"2022-10-10T16:55:42","date_gmt":"2022-10-10T16:55:42","guid":{"rendered":"https:\/\/fundaciondingonatura.org\/actuamos\/"},"modified":"2023-02-25T10:40:56","modified_gmt":"2023-02-25T10:40:56","slug":"we-take-action","status":"publish","type":"page","link":"https:\/\/fundaciondingonatura.org\/en\/we-take-action\/","title":{"rendered":"We take action"},"content":{"rendered":"","protected":false},"excerpt":{"rendered":"","protected":false},"author":2,"featured_media":0,"parent":0,"menu_order":0,"comment_status":"closed","ping_status":"closed","template":"templates\/we-act.php","meta":{"_acf_changed":false,"footnotes":""},"class_list":["post-592","page","type-page","status-publish","hentry"],"acf":[],"yoast_head":"<!-- This site is optimized with the Yoast SEO plugin v27.0 - https:\/\/yoast.com\/product\/yoast-seo-wordpress\/ -->\n<title>We take action - Fundaci\u00f3n Dingonatura<\/title>\n<meta name=\"description\" content=\"En Fundaci\u00f3n Dingonatura actuamos y colaboramos con proyectos que cuidan y protegen a los animales de compa\u00f1\u00eda...\" \/>\n<meta name=\"robots\" content=\"index, follow, max-snippet:-1, max-image-preview:large, max-video-preview:-1\" \/>\n<link rel=\"canonical\" href=\"https:\/\/fundaciondingonatura.org\/en\/we-take-action\/\" \/>\n<meta property=\"og:locale\" content=\"en_US\" \/>\n<meta property=\"og:type\" content=\"article\" \/>\n<meta property=\"og:title\" content=\"We take action - Fundaci\u00f3n Dingonatura\" \/>\n<meta property=\"og:description\" content=\"En Fundaci\u00f3n Dingonatura actuamos y colaboramos con proyectos que cuidan y protegen a los animales de compa\u00f1\u00eda...\" \/>\n<meta property=\"og:url\" content=\"https:\/\/fundaciondingonatura.org\/en\/we-take-action\/\" \/>\n<meta property=\"og:site_name\" content=\"Fundaci\u00f3n Dingonatura\" \/>\n<meta property=\"article:modified_time\" content=\"2023-02-25T10:40:56+00:00\" \/>\n<meta name=\"twitter:card\" content=\"summary_large_image\" \/>\n<script type=\"application\/ld+json\" class=\"yoast-schema-graph\">{\"@context\":\"https:\/\/schema.org\",\"@graph\":[{\"@type\":\"WebPage\",\"@id\":\"https:\/\/fundaciondingonatura.org\/en\/we-take-action\/\",\"url\":\"https:\/\/fundaciondingonatura.org\/en\/we-take-action\/\",\"name\":\"We take action - Fundaci\u00f3n Dingonatura\",\"isPartOf\":{\"@id\":\"https:\/\/fundaciondingonatura.org\/en\/#website\"},\"datePublished\":\"2022-10-10T16:55:42+00:00\",\"dateModified\":\"2023-02-25T10:40:56+00:00\",\"description\":\"En Fundaci\u00f3n Dingonatura actuamos y colaboramos con proyectos que cuidan y protegen a los animales de compa\u00f1\u00eda...\",\"breadcrumb\":{\"@id\":\"https:\/\/fundaciondingonatura.org\/en\/we-take-action\/#breadcrumb\"},\"inLanguage\":\"en-US\",\"potentialAction\":[{\"@type\":\"ReadAction\",\"target\":[\"https:\/\/fundaciondingonatura.org\/en\/we-take-action\/\"]}]},{\"@type\":\"BreadcrumbList\",\"@id\":\"https:\/\/fundaciondingonatura.org\/en\/we-take-action\/#breadcrumb\",\"itemListElement\":[{\"@type\":\"ListItem\",\"position\":1,\"name\":\"Portada\",\"item\":\"https:\/\/fundaciondingonatura.org\/en\/\"},{\"@type\":\"ListItem\",\"position\":2,\"name\":\"We take action\"}]},{\"@type\":\"WebSite\",\"@id\":\"https:\/\/fundaciondingonatura.org\/en\/#website\",\"url\":\"https:\/\/fundaciondingonatura.org\/en\/\",\"name\":\"Fundaci\u00f3n Dingonatura\",\"description\":\"#Nuncam\u00e1ssinellos\",\"publisher\":{\"@id\":\"https:\/\/fundaciondingonatura.org\/en\/#organization\"},\"potentialAction\":[{\"@type\":\"SearchAction\",\"target\":{\"@type\":\"EntryPoint\",\"urlTemplate\":\"https:\/\/fundaciondingonatura.org\/en\/?s={search_term_string}\"},\"query-input\":{\"@type\":\"PropertyValueSpecification\",\"valueRequired\":true,\"valueName\":\"search_term_string\"}}],\"inLanguage\":\"en-US\"},{\"@type\":\"Organization\",\"@id\":\"https:\/\/fundaciondingonatura.org\/en\/#organization\",\"name\":\"Fundaci\u00f3n Dingonatura\",\"url\":\"https:\/\/fundaciondingonatura.org\/en\/\",\"logo\":{\"@type\":\"ImageObject\",\"inLanguage\":\"en-US\",\"@id\":\"https:\/\/fundaciondingonatura.org\/en\/#\/schema\/logo\/image\/\",\"url\":\"https:\/\/fundaciondingonatura.org\/wp-content\/uploads\/2022\/10\/logo-dingonatura.svg\",\"contentUrl\":\"https:\/\/fundaciondingonatura.org\/wp-content\/uploads\/2022\/10\/logo-dingonatura.svg\",\"width\":180,\"height\":45,\"caption\":\"Fundaci\u00f3n Dingonatura\"},\"image\":{\"@id\":\"https:\/\/fundaciondingonatura.org\/en\/#\/schema\/logo\/image\/\"}}]}<\/script>\n<!-- \/ Yoast SEO plugin. -->","yoast_head_json":{"title":"We take action - Fundaci\u00f3n Dingonatura","description":"En Fundaci\u00f3n Dingonatura actuamos y colaboramos con proyectos que cuidan y protegen a los animales de compa\u00f1\u00eda...","robots":{"index":"index","follow":"follow","max-snippet":"max-snippet:-1","max-image-preview":"max-image-preview:large","max-video-preview":"max-video-preview:-1"},"canonical":"https:\/\/fundaciondingonatura.org\/en\/we-take-action\/","og_locale":"en_US","og_type":"article","og_title":"We take action - Fundaci\u00f3n Dingonatura","og_description":"En Fundaci\u00f3n Dingonatura actuamos y colaboramos con proyectos que cuidan y protegen a los animales de compa\u00f1\u00eda...","og_url":"https:\/\/fundaciondingonatura.org\/en\/we-take-action\/","og_site_name":"Fundaci\u00f3n Dingonatura","article_modified_time":"2023-02-25T10:40:56+00:00","twitter_card":"summary_large_image","schema":{"@context":"https:\/\/schema.org","@graph":[{"@type":"WebPage","@id":"https:\/\/fundaciondingonatura.org\/en\/we-take-action\/","url":"https:\/\/fundaciondingonatura.org\/en\/we-take-action\/","name":"We take action - Fundaci\u00f3n Dingonatura","isPartOf":{"@id":"https:\/\/fundaciondingonatura.org\/en\/#website"},"datePublished":"2022-10-10T16:55:42+00:00","dateModified":"2023-02-25T10:40:56+00:00","description":"En Fundaci\u00f3n Dingonatura actuamos y colaboramos con proyectos que cuidan y protegen a los animales de compa\u00f1\u00eda...","breadcrumb":{"@id":"https:\/\/fundaciondingonatura.org\/en\/we-take-action\/#breadcrumb"},"inLanguage":"en-US","potentialAction":[{"@type":"ReadAction","target":["https:\/\/fundaciondingonatura.org\/en\/we-take-action\/"]}]},{"@type":"BreadcrumbList","@id":"https:\/\/fundaciondingonatura.org\/en\/we-take-action\/#breadcrumb","itemListElement":[{"@type":"ListItem","position":1,"name":"Portada","item":"https:\/\/fundaciondingonatura.org\/en\/"},{"@type":"ListItem","position":2,"name":"We take action"}]},{"@type":"WebSite","@id":"https:\/\/fundaciondingonatura.org\/en\/#website","url":"https:\/\/fundaciondingonatura.org\/en\/","name":"Fundaci\u00f3n Dingonatura","description":"#Nuncam\u00e1ssinellos","publisher":{"@id":"https:\/\/fundaciondingonatura.org\/en\/#organization"},"potentialAction":[{"@type":"SearchAction","target":{"@type":"EntryPoint","urlTemplate":"https:\/\/fundaciondingonatura.org\/en\/?s={search_term_string}"},"query-input":{"@type":"PropertyValueSpecification","valueRequired":true,"valueName":"search_term_string"}}],"inLanguage":"en-US"},{"@type":"Organization","@id":"https:\/\/fundaciondingonatura.org\/en\/#organization","name":"Fundaci\u00f3n Dingonatura","url":"https:\/\/fundaciondingonatura.org\/en\/","logo":{"@type":"ImageObject","inLanguage":"en-US","@id":"https:\/\/fundaciondingonatura.org\/en\/#\/schema\/logo\/image\/","url":"https:\/\/fundaciondingonatura.org\/wp-content\/uploads\/2022\/10\/logo-dingonatura.svg","contentUrl":"https:\/\/fundaciondingonatura.org\/wp-content\/uploads\/2022\/10\/logo-dingonatura.svg","width":180,"height":45,"caption":"Fundaci\u00f3n Dingonatura"},"image":{"@id":"https:\/\/fundaciondingonatura.org\/en\/#\/schema\/logo\/image\/"}}]}},"jetpack_sharing_enabled":true,"_links":{"self":[{"href":"https:\/\/fundaciondingonatura.org\/en\/wp-json\/wp\/v2\/pages\/592","targetHints":{"allow":["GET"]}}],"collection":[{"href":"https:\/\/fundaciondingonatura.org\/en\/wp-json\/wp\/v2\/pages"}],"about":[{"href":"https:\/\/fundaciondingonatura.org\/en\/wp-json\/wp\/v2\/types\/page"}],"author":[{"embeddable":true,"href":"https:\/\/fundaciondingonatura.org\/en\/wp-json\/wp\/v2\/users\/2"}],"replies":[{"embeddable":true,"href":"https:\/\/fundaciondingonatura.org\/en\/wp-json\/wp\/v2\/comments?post=592"}],"version-history":[{"count":2,"href":"https:\/\/fundaciondingonatura.org\/en\/wp-json\/wp\/v2\/pages\/592\/revisions"}],"predecessor-version":[{"id":594,"href":"https:\/\/fundaciondingonatura.org\/en\/wp-json\/wp\/v2\/pages\/592\/revisions\/594"}],"wp:attachment":[{"href":"https:\/\/fundaciondingonatura.org\/en\/wp-json\/wp\/v2\/media?parent=592"}],"curies":[{"name":"wp","href":"https:\/\/api.w.org\/{rel}","templated":true}]}}