{"id":626,"date":"2022-10-10T16:58:02","date_gmt":"2022-10-10T16:58:02","guid":{"rendered":"https:\/\/fundaciondingonatura.org\/contacto\/"},"modified":"2023-02-28T10:08:43","modified_gmt":"2023-02-28T10:08:43","slug":"contact","status":"publish","type":"page","link":"https:\/\/fundaciondingonatura.org\/en\/contact\/","title":{"rendered":"Contact"},"content":{"rendered":"\n<div class=\"wp-block-columns is-layout-flex wp-container-core-columns-is-layout-9d6595d7 wp-block-columns-is-layout-flex\">\n<div class=\"wp-block-column is-layout-flow wp-block-column-is-layout-flow\" style=\"flex-basis:33.33%\"><\/div>\n\n\n\n<div class=\"wp-block-column is-layout-flow wp-block-column-is-layout-flow\" style=\"flex-basis:66.66%\">\n<div class=\"wpcf7 no-js\" id=\"wpcf7-f664-o1\" lang=\"es-ES\" dir=\"ltr\" data-wpcf7-id=\"664\">\n<div class=\"screen-reader-response\"><p role=\"status\" aria-live=\"polite\" aria-atomic=\"true\"><\/p> <ul><\/ul><\/div>\n<form action=\"\/en\/wp-json\/wp\/v2\/pages\/626#wpcf7-f664-o1\" method=\"post\" class=\"wpcf7-form init\" aria-label=\"Formulario de contacto\" novalidate=\"novalidate\" data-status=\"init\">\n<fieldset class=\"hidden-fields-container\"><input type=\"hidden\" name=\"_wpcf7\" value=\"664\" \/><input type=\"hidden\" name=\"_wpcf7_version\" value=\"6.1.5\" \/><input type=\"hidden\" name=\"_wpcf7_locale\" value=\"es_ES\" \/><input type=\"hidden\" name=\"_wpcf7_unit_tag\" value=\"wpcf7-f664-o1\" \/><input type=\"hidden\" name=\"_wpcf7_container_post\" value=\"0\" \/><input type=\"hidden\" name=\"_wpcf7_posted_data_hash\" value=\"\" \/><input type=\"hidden\" name=\"_wpcf7_recaptcha_response\" value=\"\" \/>\n<\/fieldset>\n<div class=\"field-form-message\">\n\t<p>We would love to meet you so please fill in the form:\n\t<\/p>\n<\/div>\n<div class=\"field-group fg-2-cols\">\n\t<div class=\"field\">\n\t\t<p><span class=\"wpcf7-form-control-wrap\" data-name=\"nombre\"><input size=\"40\" maxlength=\"400\" class=\"wpcf7-form-control wpcf7-text wpcf7-validates-as-required input\" aria-required=\"true\" aria-invalid=\"false\" placeholder=\"Name \/ Surname\" value=\"\" type=\"text\" name=\"nombre\" \/><\/span>\n\t\t<\/p>\n\t<\/div>\n\t<div class=\"field\">\n\t\t<p><span class=\"wpcf7-form-control-wrap\" data-name=\"email\"><input size=\"40\" maxlength=\"400\" class=\"wpcf7-form-control wpcf7-email wpcf7-validates-as-required wpcf7-text wpcf7-validates-as-email input\" aria-required=\"true\" aria-invalid=\"false\" placeholder=\"Email\" value=\"\" type=\"email\" name=\"email\" \/><\/span>\n\t\t<\/p>\n\t<\/div>\n<\/div>\n<div class=\"field-group fg-2-cols\">\n\t<div class=\"field\">\n\t\t<div class=\"select\">\n\t\t\t<p><span class=\"wpcf7-form-control-wrap\" data-name=\"motivo\"><select class=\"wpcf7-form-control wpcf7-select wpcf7-validates-as-required\" aria-required=\"true\" aria-invalid=\"false\" name=\"motivo\"><option value=\"Tell us about your proposal\">Tell us about your proposal<\/option><option value=\"Press\">Press<\/option><option value=\"Actions\">Actions<\/option><option value=\"Projects\">Projects<\/option><option value=\"Donations\">Donations<\/option><option value=\"Others\">Others<\/option><\/select><\/span>\n\t\t\t<\/p>\n\t\t<\/div>\n\t<\/div>\n<\/div>\n<div class=\"field-group\">\n\t<div class=\"field\">\n\t\t<p><span class=\"wpcf7-form-control-wrap\" data-name=\"mensaje\"><textarea cols=\"40\" rows=\"10\" maxlength=\"2000\" class=\"wpcf7-form-control wpcf7-textarea wpcf7-validates-as-required textarea\" aria-required=\"true\" aria-invalid=\"false\" placeholder=\"Message\" name=\"mensaje\"><\/textarea><\/span>\n\t\t<\/p>\n\t<\/div>\n<\/div>\n<div class=\"field\">\n\t<p><span class=\"wpcf7-form-control-wrap\" data-name=\"accepted-terms\"><span class=\"wpcf7-form-control wpcf7-acceptance\"><span class=\"wpcf7-list-item\"><label><input type=\"checkbox\" name=\"accepted-terms\" value=\"1\" class=\"checkbox\" aria-invalid=\"false\" \/><span class=\"wpcf7-list-item-label\">I have read and accepted the  <a target=\"_blank\" href=\"https:\/\/fundaciondingonatura.org\/en\/privacy-policy\/\">terms and conditions<\/a><\/span><\/label><\/span><\/span><\/span>\n\t<\/p>\n<\/div>\n<div class=\"field\">\n\t<p><input class=\"wpcf7-form-control wpcf7-submit has-spinner\" type=\"submit\" value=\"Send\" \/>\n\t<\/p>\n<\/div><div class=\"wpcf7-response-output\" aria-hidden=\"true\"><\/div>\n<\/form>\n<\/div>\n\n<\/div>\n<\/div>\n","protected":false},"excerpt":{"rendered":"","protected":false},"author":2,"featured_media":0,"parent":0,"menu_order":0,"comment_status":"closed","ping_status":"closed","template":"","meta":{"_acf_changed":false,"footnotes":""},"class_list":["post-626","page","type-page","status-publish","hentry"],"acf":[],"yoast_head":"<!-- This site is optimized with the Yoast SEO plugin v27.0 - https:\/\/yoast.com\/product\/yoast-seo-wordpress\/ -->\n<title>Contact - Fundaci\u00f3n Dingonatura<\/title>\n<meta name=\"description\" content=\"En Fundaci\u00f3n Dingonatura nos encantar\u00e1 conocerte, para ello necesitamos que rellenes el formulario:\" \/>\n<meta name=\"robots\" content=\"index, follow, max-snippet:-1, max-image-preview:large, max-video-preview:-1\" \/>\n<link rel=\"canonical\" href=\"https:\/\/fundaciondingonatura.org\/en\/contact\/\" \/>\n<meta property=\"og:locale\" content=\"en_US\" \/>\n<meta property=\"og:type\" content=\"article\" \/>\n<meta property=\"og:title\" content=\"Contact - Fundaci\u00f3n Dingonatura\" \/>\n<meta property=\"og:description\" content=\"En Fundaci\u00f3n Dingonatura nos encantar\u00e1 conocerte, para ello necesitamos que rellenes el formulario:\" \/>\n<meta property=\"og:url\" content=\"https:\/\/fundaciondingonatura.org\/en\/contact\/\" \/>\n<meta property=\"og:site_name\" content=\"Fundaci\u00f3n Dingonatura\" \/>\n<meta property=\"article:modified_time\" content=\"2023-02-28T10:08:43+00:00\" \/>\n<meta name=\"twitter:card\" content=\"summary_large_image\" \/>\n<meta name=\"twitter:label1\" content=\"Est. reading time\" \/>\n\t<meta name=\"twitter:data1\" content=\"1 minute\" \/>\n<script type=\"application\/ld+json\" class=\"yoast-schema-graph\">{\"@context\":\"https:\/\/schema.org\",\"@graph\":[{\"@type\":\"WebPage\",\"@id\":\"https:\/\/fundaciondingonatura.org\/en\/contact\/\",\"url\":\"https:\/\/fundaciondingonatura.org\/en\/contact\/\",\"name\":\"Contact - Fundaci\u00f3n Dingonatura\",\"isPartOf\":{\"@id\":\"https:\/\/fundaciondingonatura.org\/en\/#website\"},\"datePublished\":\"2022-10-10T16:58:02+00:00\",\"dateModified\":\"2023-02-28T10:08:43+00:00\",\"description\":\"En Fundaci\u00f3n Dingonatura nos encantar\u00e1 conocerte, para ello necesitamos que rellenes el formulario:\",\"breadcrumb\":{\"@id\":\"https:\/\/fundaciondingonatura.org\/en\/contact\/#breadcrumb\"},\"inLanguage\":\"en-US\",\"potentialAction\":[{\"@type\":\"ReadAction\",\"target\":[\"https:\/\/fundaciondingonatura.org\/en\/contact\/\"]}]},{\"@type\":\"BreadcrumbList\",\"@id\":\"https:\/\/fundaciondingonatura.org\/en\/contact\/#breadcrumb\",\"itemListElement\":[{\"@type\":\"ListItem\",\"position\":1,\"name\":\"Portada\",\"item\":\"https:\/\/fundaciondingonatura.org\/en\/\"},{\"@type\":\"ListItem\",\"position\":2,\"name\":\"Contact\"}]},{\"@type\":\"WebSite\",\"@id\":\"https:\/\/fundaciondingonatura.org\/en\/#website\",\"url\":\"https:\/\/fundaciondingonatura.org\/en\/\",\"name\":\"Fundaci\u00f3n Dingonatura\",\"description\":\"#Nuncam\u00e1ssinellos\",\"publisher\":{\"@id\":\"https:\/\/fundaciondingonatura.org\/en\/#organization\"},\"potentialAction\":[{\"@type\":\"SearchAction\",\"target\":{\"@type\":\"EntryPoint\",\"urlTemplate\":\"https:\/\/fundaciondingonatura.org\/en\/?s={search_term_string}\"},\"query-input\":{\"@type\":\"PropertyValueSpecification\",\"valueRequired\":true,\"valueName\":\"search_term_string\"}}],\"inLanguage\":\"en-US\"},{\"@type\":\"Organization\",\"@id\":\"https:\/\/fundaciondingonatura.org\/en\/#organization\",\"name\":\"Fundaci\u00f3n Dingonatura\",\"url\":\"https:\/\/fundaciondingonatura.org\/en\/\",\"logo\":{\"@type\":\"ImageObject\",\"inLanguage\":\"en-US\",\"@id\":\"https:\/\/fundaciondingonatura.org\/en\/#\/schema\/logo\/image\/\",\"url\":\"https:\/\/fundaciondingonatura.org\/wp-content\/uploads\/2022\/10\/logo-dingonatura.svg\",\"contentUrl\":\"https:\/\/fundaciondingonatura.org\/wp-content\/uploads\/2022\/10\/logo-dingonatura.svg\",\"width\":180,\"height\":45,\"caption\":\"Fundaci\u00f3n Dingonatura\"},\"image\":{\"@id\":\"https:\/\/fundaciondingonatura.org\/en\/#\/schema\/logo\/image\/\"}}]}<\/script>\n<!-- \/ Yoast SEO plugin. -->","yoast_head_json":{"title":"Contact - Fundaci\u00f3n Dingonatura","description":"En Fundaci\u00f3n Dingonatura nos encantar\u00e1 conocerte, para ello necesitamos que rellenes el formulario:","robots":{"index":"index","follow":"follow","max-snippet":"max-snippet:-1","max-image-preview":"max-image-preview:large","max-video-preview":"max-video-preview:-1"},"canonical":"https:\/\/fundaciondingonatura.org\/en\/contact\/","og_locale":"en_US","og_type":"article","og_title":"Contact - Fundaci\u00f3n Dingonatura","og_description":"En Fundaci\u00f3n Dingonatura nos encantar\u00e1 conocerte, para ello necesitamos que rellenes el formulario:","og_url":"https:\/\/fundaciondingonatura.org\/en\/contact\/","og_site_name":"Fundaci\u00f3n Dingonatura","article_modified_time":"2023-02-28T10:08:43+00:00","twitter_card":"summary_large_image","twitter_misc":{"Est. reading time":"1 minute"},"schema":{"@context":"https:\/\/schema.org","@graph":[{"@type":"WebPage","@id":"https:\/\/fundaciondingonatura.org\/en\/contact\/","url":"https:\/\/fundaciondingonatura.org\/en\/contact\/","name":"Contact - Fundaci\u00f3n Dingonatura","isPartOf":{"@id":"https:\/\/fundaciondingonatura.org\/en\/#website"},"datePublished":"2022-10-10T16:58:02+00:00","dateModified":"2023-02-28T10:08:43+00:00","description":"En Fundaci\u00f3n Dingonatura nos encantar\u00e1 conocerte, para ello necesitamos que rellenes el formulario:","breadcrumb":{"@id":"https:\/\/fundaciondingonatura.org\/en\/contact\/#breadcrumb"},"inLanguage":"en-US","potentialAction":[{"@type":"ReadAction","target":["https:\/\/fundaciondingonatura.org\/en\/contact\/"]}]},{"@type":"BreadcrumbList","@id":"https:\/\/fundaciondingonatura.org\/en\/contact\/#breadcrumb","itemListElement":[{"@type":"ListItem","position":1,"name":"Portada","item":"https:\/\/fundaciondingonatura.org\/en\/"},{"@type":"ListItem","position":2,"name":"Contact"}]},{"@type":"WebSite","@id":"https:\/\/fundaciondingonatura.org\/en\/#website","url":"https:\/\/fundaciondingonatura.org\/en\/","name":"Fundaci\u00f3n Dingonatura","description":"#Nuncam\u00e1ssinellos","publisher":{"@id":"https:\/\/fundaciondingonatura.org\/en\/#organization"},"potentialAction":[{"@type":"SearchAction","target":{"@type":"EntryPoint","urlTemplate":"https:\/\/fundaciondingonatura.org\/en\/?s={search_term_string}"},"query-input":{"@type":"PropertyValueSpecification","valueRequired":true,"valueName":"search_term_string"}}],"inLanguage":"en-US"},{"@type":"Organization","@id":"https:\/\/fundaciondingonatura.org\/en\/#organization","name":"Fundaci\u00f3n Dingonatura","url":"https:\/\/fundaciondingonatura.org\/en\/","logo":{"@type":"ImageObject","inLanguage":"en-US","@id":"https:\/\/fundaciondingonatura.org\/en\/#\/schema\/logo\/image\/","url":"https:\/\/fundaciondingonatura.org\/wp-content\/uploads\/2022\/10\/logo-dingonatura.svg","contentUrl":"https:\/\/fundaciondingonatura.org\/wp-content\/uploads\/2022\/10\/logo-dingonatura.svg","width":180,"height":45,"caption":"Fundaci\u00f3n Dingonatura"},"image":{"@id":"https:\/\/fundaciondingonatura.org\/en\/#\/schema\/logo\/image\/"}}]}},"jetpack_sharing_enabled":true,"_links":{"self":[{"href":"https:\/\/fundaciondingonatura.org\/en\/wp-json\/wp\/v2\/pages\/626","targetHints":{"allow":["GET"]}}],"collection":[{"href":"https:\/\/fundaciondingonatura.org\/en\/wp-json\/wp\/v2\/pages"}],"about":[{"href":"https:\/\/fundaciondingonatura.org\/en\/wp-json\/wp\/v2\/types\/page"}],"author":[{"embeddable":true,"href":"https:\/\/fundaciondingonatura.org\/en\/wp-json\/wp\/v2\/users\/2"}],"replies":[{"embeddable":true,"href":"https:\/\/fundaciondingonatura.org\/en\/wp-json\/wp\/v2\/comments?post=626"}],"version-history":[{"count":3,"href":"https:\/\/fundaciondingonatura.org\/en\/wp-json\/wp\/v2\/pages\/626\/revisions"}],"predecessor-version":[{"id":665,"href":"https:\/\/fundaciondingonatura.org\/en\/wp-json\/wp\/v2\/pages\/626\/revisions\/665"}],"wp:attachment":[{"href":"https:\/\/fundaciondingonatura.org\/en\/wp-json\/wp\/v2\/media?parent=626"}],"curies":[{"name":"wp","href":"https:\/\/api.w.org\/{rel}","templated":true}]}}