{"id":655,"date":"2022-10-10T17:02:58","date_gmt":"2022-10-10T17:02:58","guid":{"rendered":"https:\/\/fundaciondingonatura.org\/politica-de-privacidad\/"},"modified":"2023-03-23T11:43:17","modified_gmt":"2023-03-23T11:43:17","slug":"privacy-policy","status":"publish","type":"page","link":"https:\/\/fundaciondingonatura.org\/en\/privacy-policy\/","title":{"rendered":"Privacy policy"},"content":{"rendered":"\n<h2 class=\"wp-block-heading\">1. <strong>WHO IS RESPONSIBLE FOR THE PROCESSING OF YOUR DATA?<\/strong><\/h2>\n\n\n\n<p>The party responsible for the processing of your personal data is La Fundaci\u00f3n Dingonatura, with C.I.F. G-66781709 and registered office at Calle La Farga 5-7, Pol\u00edgono la Ferrer\u00eda, 08110 Montcada i Reixac, Barcelona, Spain.<\/p>\n\n\n\n<p>We inform you that the ownership of the https:\/\/www.fundaciondingonatura.org website (hereinafter, &#8220;<strong>the Website<\/strong>&#8220;) belongs to La Fundaci\u00f3n Dingonatura.<\/p>\n\n\n\n<p>Access and\/or use of the Website confers the condition of User (hereinafter, the &#8220;User&#8221;), and implies acceptance, from said access and\/or use, of this Privacy Policy.<\/p>\n\n\n\n<p>The User may contact La Fundaci\u00f3n Dingonatura at the following email address: hola@fundaciondingonatura.org<\/p>\n\n\n\n<h2 class=\"wp-block-heading\">2.\u00a0WHY IS FUNDACI\u00d3N DINGONATURA ENTITLED TO PROCESS YOUR DATA?<\/h2>\n\n\n\n<p>La Fundaci\u00f3n Dingonatura is entitled to process your data in order to provide its services.<\/p>\n\n\n\n<p>La Fundaci\u00f3n Dingonatura takes the protection of your privacy and personal data very seriously. Therefore, your personal information is kept securely and treated with the utmost care.<\/p>\n\n\n\n<p>This Privacy Policy regulates the access and use of the service (hereinafter the &#8220;Service&#8221;) that La Fundaci\u00f3n Dingonatura makes available to the User interested in the services and content hosted on the Website.<\/p>\n\n\n\n<h2 class=\"wp-block-heading\">3. WHAT ARE THE PURPOSES OF THE PROCESSING OF YOUR PERSONAL DATA BY LA FUNDACI\u00d3N DINGONATURA?<\/h2>\n\n\n\n<p>Your personal data collected by La Fundaci\u00f3n Dingonatura may be used for the following purposes:<\/p>\n\n\n\n<p>(i) The provision of the services offered through the Website.<\/p>\n\n\n\n<p>(ii) The sending of profiled commercial communications and\/or newsletters from La Fundaci\u00f3n Dingonatura about its services by letter, telephone, e-mail, SMS\/MMS, or other equivalent means of electronic communication.<\/p>\n\n\n\n<p>(iii) The sending of information requested by the User through the contact form.<\/p>\n\n\n\n<h2 class=\"wp-block-heading\"><strong>4. CONSERVATION OF THE DATA PROCESSED BY LA FUNDACI\u00d3N DINGONATURA<\/strong><\/h2>\n\n\n\n<p>The personal data provided will be kept by La Fundaci\u00f3n Dingonatura as long as the User does not express his\/her wish to unsubscribe from the services of La Fundaci\u00f3n Dingonatura, for the purpose of receiving information about the company&#8217;s products.<\/p>\n\n\n\n<h2 class=\"wp-block-heading\"><strong>5. <\/strong>RESPONSIBILITY AND VERACITY OF THE DATA PROVIDED BY USERS<\/h2>\n\n\n\n<p>The User guarantees that the personal data provided is true and is responsible for notifying La Fundaci\u00f3n Dingonatura of any changes to this data. The User will be responsible, in any case, for the veracity of the data provided, and La Fundaci\u00f3n Dingonatura reserves the right to exclude from the registered Services any User who has provided false data, without prejudice to any other actions that may be applicable by law.<\/p>\n\n\n\n<h2 class=\"wp-block-heading\"><strong>6. USER RIGHTS IN RELATION TO THEIR DATA<\/strong><\/h2>\n\n\n\n<p>The User has the right to:<\/p>\n\n\n\n<ul class=\"wp-block-list\">\n<li>Access their personal data.<\/li>\n\n\n\n<li>Request the rectification of inaccurate data.<\/li>\n\n\n\n<li>Request its deletion.<\/li>\n\n\n\n<li>Request the limitation of the processing of their data.<\/li>\n\n\n\n<li>Oppose the processing of their data.<\/li>\n\n\n\n<li>Request their portability.<\/li>\n\n\n\n<li>Not to be subject to automated individual decisions.<\/li>\n\n\n\n<li>In addition, the User may exercise his or her right to be forgotten.<\/li>\n<\/ul>\n\n\n\n<p>The User may exercise all these rights at the following email address hola@fundaciondingonatura.org indicating the reason for his or her request and providing a copy of his or her National Identity Card.<\/p>\n\n\n\n<p>Users may also send their request by ordinary mail to the following address:<\/p>\n\n\n\n<p><strong>FUNDACI\u00d3N DINGONATURA,<\/strong><br>Calle La Farga, 5-7 Pol\u00edgono la Ferrer\u00eda, 08110 Montcada i Reixac,<br>Barcelona, Espa\u00f1a.<\/p>\n\n\n\n<p>Without prejudice to any other administrative or judicial remedy, the User shall have the right to lodge a complaint with a Supervisory Authority, in particular in the Member State in which he\/she has his\/her habitual residence, place of work or place of the alleged infringement, in the event that he\/she considers that the processing of his\/her personal data is not in accordance with the regulations, as well as in the event that the exercise of his\/her rights is not satisfied. The supervisory authority to which the complaint has been lodged shall inform the complainant of the progress and outcome of the complaint.<\/p>\n\n\n\n<h2 class=\"wp-block-heading\"><strong>7. <\/strong>PRIVACY AND DATA SECURITY<\/h2>\n\n\n\n<p>The protection of the privacy and personal data of users is very important to La Fundaci\u00f3n Dingonatura. Therefore, La Fundaci\u00f3n Dingonatura does everything in its power to prevent your data from being used inappropriately, allowing access to it only to authorised personnel.<\/p>\n\n\n\n<p>La Fundaci\u00f3n Dingonatura maintains the security levels of personal data protection in accordance with the applicable regulations and has established all the technical means at its disposal to prevent the loss, misuse, alteration, unauthorised access and theft of the data provided by the User through the Website, without prejudice to informing you that security measures on the Internet are not impregnable.<\/p>\n\n\n\n<p>La Fundaci\u00f3n Dingonatura undertakes to comply with the duty of secrecy and confidentiality with respect to personal data in accordance with applicable legislation, as well as to treat them securely in international data transfers and assignments that may occur, if any.<\/p>\n\n\n\n<p>In those services of the Website that require registration as a User, a password must be chosen. The User is responsible for maintaining the confidentiality of this password, as well as for all activities that occur in the session initiated with his\/her name and password.<\/p>\n\n\n\n<p>The User undertakes to notify La Fundaci\u00f3n Dingonatura as soon as possible of any unauthorised use of his\/her user name and\/or password or any other breach of security. La Fundaci\u00f3n Dingonatura shall not be liable for any damages or losses that may arise due to non-compliance with this obligation on the part of the User.<\/p>\n\n\n\n<h2 class=\"wp-block-heading\"><strong>8. REVISION AND MODIFICATION OF THE PRIVACY POLICY<\/strong><\/h2>\n\n\n\n<p>La Fundaci\u00f3n Dingonatura reserves the right to review and\/or modify its Privacy Policy at any time it deems appropriate. For this reason, please check this Privacy Policy regularly to read the most recent version of the same.<\/p>\n\n\n\n<p>However, any changes to this Privacy Policy will be communicated to the User.<\/p>\n\n\n\n<h2 class=\"wp-block-heading\"><strong>9. LINKS TO WEBSITES<\/strong><\/h2>\n\n\n\n<p>La Fundaci\u00f3n Dingonatura website may contain links to the websites of third party companies and entities. La Fundaci\u00f3n Dingonatura cannot be held responsible for the way in which these companies deal with the protection of privacy and personal data, and we therefore advise you to carefully read the privacy policy statements of these websites that are not owned by La Fundaci\u00f3n Dingonatura in relation to the use, processing and protection of personal data.<\/p>\n\n\n\n<p>The conditions offered by these websites may not be the same as those offered by La Fundaci\u00f3n Dingonatura.<\/p>\n\n\n\n<h2 class=\"wp-block-heading\"><strong>10. ACCEPTANCE AND CONSENT<\/strong><\/h2>\n\n\n\n<p>The User declares to have been informed of the conditions on the protection of personal data, accepting and consenting to the processing of these by La Fundaci\u00f3n Dingonatura, in the manner and for the purposes indicated in this Privacy Policy.<\/p>\n\n\n\n<h2 class=\"wp-block-heading\"><strong>11. QUESTIONS<\/strong><\/h2>\n\n\n\n<p>If you have any questions about this Privacy Policy or the processing of your data, please contact La Fundaci\u00f3n Dingonatura by email at the following address: <a href=\"mailto:hola@fundaciondingonatura.org\" target=\"_blank\" rel=\"noreferrer noopener\">hola@fundaciondingonatura.org<\/a><\/p>\n","protected":false},"excerpt":{"rendered":"<p>1. WHO IS RESPONSIBLE FOR THE PROCESSING OF YOUR DATA? The party responsible for the processing of your personal data is La Fundaci\u00f3n Dingonatura, with C.I.F. G-66781709 and registered office at Calle La Farga 5-7, Pol\u00edgono la Ferrer\u00eda, 08110 Montcada i Reixac, Barcelona, Spain. We inform you that the ownership of the https:\/\/www.fundaciondingonatura.org website (hereinafter, [&hellip;]<\/p>\n","protected":false},"author":2,"featured_media":0,"parent":0,"menu_order":0,"comment_status":"closed","ping_status":"closed","template":"templates\/legal-page.php","meta":{"_acf_changed":false,"footnotes":""},"class_list":["post-655","page","type-page","status-publish","hentry"],"acf":[],"yoast_head":"<!-- This site is optimized with the Yoast SEO plugin v27.0 - https:\/\/yoast.com\/product\/yoast-seo-wordpress\/ -->\n<title>Privacy policy - Fundaci\u00f3n Dingonatura<\/title>\n<meta name=\"robots\" content=\"index, follow, max-snippet:-1, max-image-preview:large, max-video-preview:-1\" \/>\n<link rel=\"canonical\" href=\"https:\/\/fundaciondingonatura.org\/en\/privacy-policy\/\" \/>\n<meta property=\"og:locale\" content=\"en_US\" \/>\n<meta property=\"og:type\" content=\"article\" \/>\n<meta property=\"og:title\" content=\"Privacy policy - Fundaci\u00f3n Dingonatura\" \/>\n<meta property=\"og:description\" content=\"1. WHO IS RESPONSIBLE FOR THE PROCESSING OF YOUR DATA? The party responsible for the processing of your personal data is La Fundaci\u00f3n Dingonatura, with C.I.F. G-66781709 and registered office at Calle La Farga 5-7, Pol\u00edgono la Ferrer\u00eda, 08110 Montcada i Reixac, Barcelona, Spain. We inform you that the ownership of the https:\/\/www.fundaciondingonatura.org website (hereinafter, [&hellip;]\" \/>\n<meta property=\"og:url\" content=\"https:\/\/fundaciondingonatura.org\/en\/privacy-policy\/\" \/>\n<meta property=\"og:site_name\" content=\"Fundaci\u00f3n Dingonatura\" \/>\n<meta property=\"article:modified_time\" content=\"2023-03-23T11:43:17+00:00\" \/>\n<meta name=\"twitter:card\" content=\"summary_large_image\" \/>\n<meta name=\"twitter:label1\" content=\"Est. reading time\" \/>\n\t<meta name=\"twitter:data1\" content=\"6 minutes\" \/>\n<script type=\"application\/ld+json\" class=\"yoast-schema-graph\">{\"@context\":\"https:\/\/schema.org\",\"@graph\":[{\"@type\":\"WebPage\",\"@id\":\"https:\/\/fundaciondingonatura.org\/en\/privacy-policy\/\",\"url\":\"https:\/\/fundaciondingonatura.org\/en\/privacy-policy\/\",\"name\":\"Privacy policy - Fundaci\u00f3n Dingonatura\",\"isPartOf\":{\"@id\":\"https:\/\/fundaciondingonatura.org\/en\/#website\"},\"datePublished\":\"2022-10-10T17:02:58+00:00\",\"dateModified\":\"2023-03-23T11:43:17+00:00\",\"breadcrumb\":{\"@id\":\"https:\/\/fundaciondingonatura.org\/en\/privacy-policy\/#breadcrumb\"},\"inLanguage\":\"en-US\",\"potentialAction\":[{\"@type\":\"ReadAction\",\"target\":[\"https:\/\/fundaciondingonatura.org\/en\/privacy-policy\/\"]}]},{\"@type\":\"BreadcrumbList\",\"@id\":\"https:\/\/fundaciondingonatura.org\/en\/privacy-policy\/#breadcrumb\",\"itemListElement\":[{\"@type\":\"ListItem\",\"position\":1,\"name\":\"Portada\",\"item\":\"https:\/\/fundaciondingonatura.org\/en\/\"},{\"@type\":\"ListItem\",\"position\":2,\"name\":\"Privacy policy\"}]},{\"@type\":\"WebSite\",\"@id\":\"https:\/\/fundaciondingonatura.org\/en\/#website\",\"url\":\"https:\/\/fundaciondingonatura.org\/en\/\",\"name\":\"Fundaci\u00f3n Dingonatura\",\"description\":\"#Nuncam\u00e1ssinellos\",\"publisher\":{\"@id\":\"https:\/\/fundaciondingonatura.org\/en\/#organization\"},\"potentialAction\":[{\"@type\":\"SearchAction\",\"target\":{\"@type\":\"EntryPoint\",\"urlTemplate\":\"https:\/\/fundaciondingonatura.org\/en\/?s={search_term_string}\"},\"query-input\":{\"@type\":\"PropertyValueSpecification\",\"valueRequired\":true,\"valueName\":\"search_term_string\"}}],\"inLanguage\":\"en-US\"},{\"@type\":\"Organization\",\"@id\":\"https:\/\/fundaciondingonatura.org\/en\/#organization\",\"name\":\"Fundaci\u00f3n Dingonatura\",\"url\":\"https:\/\/fundaciondingonatura.org\/en\/\",\"logo\":{\"@type\":\"ImageObject\",\"inLanguage\":\"en-US\",\"@id\":\"https:\/\/fundaciondingonatura.org\/en\/#\/schema\/logo\/image\/\",\"url\":\"https:\/\/fundaciondingonatura.org\/wp-content\/uploads\/2022\/10\/logo-dingonatura.svg\",\"contentUrl\":\"https:\/\/fundaciondingonatura.org\/wp-content\/uploads\/2022\/10\/logo-dingonatura.svg\",\"width\":180,\"height\":45,\"caption\":\"Fundaci\u00f3n Dingonatura\"},\"image\":{\"@id\":\"https:\/\/fundaciondingonatura.org\/en\/#\/schema\/logo\/image\/\"}}]}<\/script>\n<!-- \/ Yoast SEO plugin. -->","yoast_head_json":{"title":"Privacy policy - Fundaci\u00f3n Dingonatura","robots":{"index":"index","follow":"follow","max-snippet":"max-snippet:-1","max-image-preview":"max-image-preview:large","max-video-preview":"max-video-preview:-1"},"canonical":"https:\/\/fundaciondingonatura.org\/en\/privacy-policy\/","og_locale":"en_US","og_type":"article","og_title":"Privacy policy - Fundaci\u00f3n Dingonatura","og_description":"1. WHO IS RESPONSIBLE FOR THE PROCESSING OF YOUR DATA? The party responsible for the processing of your personal data is La Fundaci\u00f3n Dingonatura, with C.I.F. G-66781709 and registered office at Calle La Farga 5-7, Pol\u00edgono la Ferrer\u00eda, 08110 Montcada i Reixac, Barcelona, Spain. We inform you that the ownership of the https:\/\/www.fundaciondingonatura.org website (hereinafter, [&hellip;]","og_url":"https:\/\/fundaciondingonatura.org\/en\/privacy-policy\/","og_site_name":"Fundaci\u00f3n Dingonatura","article_modified_time":"2023-03-23T11:43:17+00:00","twitter_card":"summary_large_image","twitter_misc":{"Est. reading time":"6 minutes"},"schema":{"@context":"https:\/\/schema.org","@graph":[{"@type":"WebPage","@id":"https:\/\/fundaciondingonatura.org\/en\/privacy-policy\/","url":"https:\/\/fundaciondingonatura.org\/en\/privacy-policy\/","name":"Privacy policy - Fundaci\u00f3n Dingonatura","isPartOf":{"@id":"https:\/\/fundaciondingonatura.org\/en\/#website"},"datePublished":"2022-10-10T17:02:58+00:00","dateModified":"2023-03-23T11:43:17+00:00","breadcrumb":{"@id":"https:\/\/fundaciondingonatura.org\/en\/privacy-policy\/#breadcrumb"},"inLanguage":"en-US","potentialAction":[{"@type":"ReadAction","target":["https:\/\/fundaciondingonatura.org\/en\/privacy-policy\/"]}]},{"@type":"BreadcrumbList","@id":"https:\/\/fundaciondingonatura.org\/en\/privacy-policy\/#breadcrumb","itemListElement":[{"@type":"ListItem","position":1,"name":"Portada","item":"https:\/\/fundaciondingonatura.org\/en\/"},{"@type":"ListItem","position":2,"name":"Privacy policy"}]},{"@type":"WebSite","@id":"https:\/\/fundaciondingonatura.org\/en\/#website","url":"https:\/\/fundaciondingonatura.org\/en\/","name":"Fundaci\u00f3n Dingonatura","description":"#Nuncam\u00e1ssinellos","publisher":{"@id":"https:\/\/fundaciondingonatura.org\/en\/#organization"},"potentialAction":[{"@type":"SearchAction","target":{"@type":"EntryPoint","urlTemplate":"https:\/\/fundaciondingonatura.org\/en\/?s={search_term_string}"},"query-input":{"@type":"PropertyValueSpecification","valueRequired":true,"valueName":"search_term_string"}}],"inLanguage":"en-US"},{"@type":"Organization","@id":"https:\/\/fundaciondingonatura.org\/en\/#organization","name":"Fundaci\u00f3n Dingonatura","url":"https:\/\/fundaciondingonatura.org\/en\/","logo":{"@type":"ImageObject","inLanguage":"en-US","@id":"https:\/\/fundaciondingonatura.org\/en\/#\/schema\/logo\/image\/","url":"https:\/\/fundaciondingonatura.org\/wp-content\/uploads\/2022\/10\/logo-dingonatura.svg","contentUrl":"https:\/\/fundaciondingonatura.org\/wp-content\/uploads\/2022\/10\/logo-dingonatura.svg","width":180,"height":45,"caption":"Fundaci\u00f3n Dingonatura"},"image":{"@id":"https:\/\/fundaciondingonatura.org\/en\/#\/schema\/logo\/image\/"}}]}},"jetpack_sharing_enabled":true,"_links":{"self":[{"href":"https:\/\/fundaciondingonatura.org\/en\/wp-json\/wp\/v2\/pages\/655","targetHints":{"allow":["GET"]}}],"collection":[{"href":"https:\/\/fundaciondingonatura.org\/en\/wp-json\/wp\/v2\/pages"}],"about":[{"href":"https:\/\/fundaciondingonatura.org\/en\/wp-json\/wp\/v2\/types\/page"}],"author":[{"embeddable":true,"href":"https:\/\/fundaciondingonatura.org\/en\/wp-json\/wp\/v2\/users\/2"}],"replies":[{"embeddable":true,"href":"https:\/\/fundaciondingonatura.org\/en\/wp-json\/wp\/v2\/comments?post=655"}],"version-history":[{"count":3,"href":"https:\/\/fundaciondingonatura.org\/en\/wp-json\/wp\/v2\/pages\/655\/revisions"}],"predecessor-version":[{"id":702,"href":"https:\/\/fundaciondingonatura.org\/en\/wp-json\/wp\/v2\/pages\/655\/revisions\/702"}],"wp:attachment":[{"href":"https:\/\/fundaciondingonatura.org\/en\/wp-json\/wp\/v2\/media?parent=655"}],"curies":[{"name":"wp","href":"https:\/\/api.w.org\/{rel}","templated":true}]}}