{"id":995,"date":"2024-07-18T08:21:24","date_gmt":"2024-07-18T08:21:24","guid":{"rendered":"https:\/\/fundaciondingonatura.org\/?page_id=995"},"modified":"2024-07-19T10:37:52","modified_gmt":"2024-07-19T10:37:52","slug":"sin-limites","status":"publish","type":"page","link":"https:\/\/fundaciondingonatura.org\/en\/sin-limites\/","title":{"rendered":"Una sociedad m\u00e1s justa e inclusiva es posible."},"content":{"rendered":"\n<div class=\"wp-block-columns is-layout-flex wp-container-core-columns-is-layout-9d6595d7 wp-block-columns-is-layout-flex\">\n<div class=\"wp-block-column is-layout-flow wp-block-column-is-layout-flow\" style=\"flex-basis:33.33%\">\n<h2 class=\"wp-block-heading text-2xl\" style=\"text-transform:uppercase\"><\/h2>\n<\/div>\n\n\n\n<div class=\"wp-block-column is-layout-flow wp-block-column-is-layout-flow\" style=\"flex-basis:66.66%\">\n<p class=\"text-xl tracking-normal\">El mundo no es un lugar f\u00e1cil para todos, pero aquellos que luchan a contracorriente, superando barreras, son los que hacen que cada d\u00eda el presente y el futuro sean un poquito mejor.<\/p>\n\n\n\n<p class=\"text-xl tracking-normal\">Por eso desde DingoNatura y Fundaci\u00f3n DingoNatura apoyamos a los atletas paral\u00edmpicos. Porque su lucha no es solo para ellos, sino para todos. Y porque cada vez que entrenan, compiten e incluso ganan, sabemos que ese d\u00eda han contribuido a crear una sociedad m\u00e1s justa e inclusiva.<\/p>\n\n\n\n<p class=\"text-xl tracking-normal\">Bravo por nuestros atletas paral\u00edmpicos, y todos aquellos que los apoyan en su lucha, tambi\u00e9n por los animales que los acompa\u00f1an.<br>Juntos podemos crear un mundo mejor y m\u00e1s inclusivo, rompiendo barreras y cruzando l\u00edmites.<\/p>\n<\/div>\n<\/div>\n\n\n\n<h2 class=\"wp-block-heading\">NUESTRO MANIFIESTO<\/h2>\n\n\n\n<div class=\"plyr-player\">\n<iframe width=\"560\" height=\"315\" src=\"https:\/\/www.youtube.com\/embed\/a2uP2H9Hqtg\" title=\"YouTube video player\" frameborder=\"0\" allow=\"accelerometer; autoplay; clipboard-write; encrypted-media; gyroscope; picture-in-picture\" allowfullscreen><\/iframe>\n<\/div>\n","protected":false},"excerpt":{"rendered":"<p>El mundo no es un lugar f\u00e1cil para todos, pero aquellos que luchan a contracorriente, superando barreras, son los que hacen que cada d\u00eda el presente y el futuro sean un poquito mejor. Por eso desde DingoNatura y Fundaci\u00f3n DingoNatura apoyamos a los atletas paral\u00edmpicos. Porque su lucha no es solo para ellos, sino para [&hellip;]<\/p>\n","protected":false},"author":2,"featured_media":1001,"parent":0,"menu_order":0,"comment_status":"closed","ping_status":"closed","template":"templates\/unlimited.php","meta":{"_acf_changed":false,"footnotes":""},"class_list":["post-995","page","type-page","status-publish","has-post-thumbnail","hentry"],"acf":[],"yoast_head":"<!-- This site is optimized with the Yoast SEO plugin v27.0 - https:\/\/yoast.com\/product\/yoast-seo-wordpress\/ -->\n<title>Una sociedad m\u00e1s justa e inclusiva es posible. - Fundaci\u00f3n Dingonatura<\/title>\n<meta name=\"robots\" content=\"index, follow, max-snippet:-1, max-image-preview:large, max-video-preview:-1\" \/>\n<link rel=\"canonical\" href=\"https:\/\/fundaciondingonatura.org\/en\/sin-limites\/\" \/>\n<meta property=\"og:locale\" content=\"en_US\" \/>\n<meta property=\"og:type\" content=\"article\" \/>\n<meta property=\"og:title\" content=\"Una sociedad m\u00e1s justa e inclusiva es posible. - Fundaci\u00f3n Dingonatura\" \/>\n<meta property=\"og:description\" content=\"El mundo no es un lugar f\u00e1cil para todos, pero aquellos que luchan a contracorriente, superando barreras, son los que hacen que cada d\u00eda el presente y el futuro sean un poquito mejor. Por eso desde DingoNatura y Fundaci\u00f3n DingoNatura apoyamos a los atletas paral\u00edmpicos. Porque su lucha no es solo para ellos, sino para [&hellip;]\" \/>\n<meta property=\"og:url\" content=\"https:\/\/fundaciondingonatura.org\/en\/sin-limites\/\" \/>\n<meta property=\"og:site_name\" content=\"Fundaci\u00f3n Dingonatura\" \/>\n<meta property=\"article:modified_time\" content=\"2024-07-19T10:37:52+00:00\" \/>\n<meta property=\"og:image\" content=\"https:\/\/fundaciondingonatura.org\/wp-content\/uploads\/2024\/07\/sin-limites.png\" \/>\n\t<meta property=\"og:image:width\" content=\"2456\" \/>\n\t<meta property=\"og:image:height\" content=\"1242\" \/>\n\t<meta property=\"og:image:type\" content=\"image\/png\" \/>\n<meta name=\"twitter:card\" content=\"summary_large_image\" \/>\n<meta name=\"twitter:label1\" content=\"Est. reading time\" \/>\n\t<meta name=\"twitter:data1\" content=\"1 minute\" \/>\n<script type=\"application\/ld+json\" class=\"yoast-schema-graph\">{\"@context\":\"https:\/\/schema.org\",\"@graph\":[{\"@type\":\"WebPage\",\"@id\":\"https:\/\/fundaciondingonatura.org\/en\/sin-limites\/\",\"url\":\"https:\/\/fundaciondingonatura.org\/en\/sin-limites\/\",\"name\":\"Una sociedad m\u00e1s justa e inclusiva es posible. - Fundaci\u00f3n Dingonatura\",\"isPartOf\":{\"@id\":\"https:\/\/fundaciondingonatura.org\/en\/#website\"},\"primaryImageOfPage\":{\"@id\":\"https:\/\/fundaciondingonatura.org\/en\/sin-limites\/#primaryimage\"},\"image\":{\"@id\":\"https:\/\/fundaciondingonatura.org\/en\/sin-limites\/#primaryimage\"},\"thumbnailUrl\":\"https:\/\/i0.wp.com\/fundaciondingonatura.org\/wp-content\/uploads\/2024\/07\/sin-limites.png?fit=2456%2C1242&ssl=1\",\"datePublished\":\"2024-07-18T08:21:24+00:00\",\"dateModified\":\"2024-07-19T10:37:52+00:00\",\"breadcrumb\":{\"@id\":\"https:\/\/fundaciondingonatura.org\/en\/sin-limites\/#breadcrumb\"},\"inLanguage\":\"en-US\",\"potentialAction\":[{\"@type\":\"ReadAction\",\"target\":[\"https:\/\/fundaciondingonatura.org\/en\/sin-limites\/\"]}]},{\"@type\":\"ImageObject\",\"inLanguage\":\"en-US\",\"@id\":\"https:\/\/fundaciondingonatura.org\/en\/sin-limites\/#primaryimage\",\"url\":\"https:\/\/i0.wp.com\/fundaciondingonatura.org\/wp-content\/uploads\/2024\/07\/sin-limites.png?fit=2456%2C1242&ssl=1\",\"contentUrl\":\"https:\/\/i0.wp.com\/fundaciondingonatura.org\/wp-content\/uploads\/2024\/07\/sin-limites.png?fit=2456%2C1242&ssl=1\",\"width\":2456,\"height\":1242,\"caption\":\"Sin L\u00edmites\"},{\"@type\":\"BreadcrumbList\",\"@id\":\"https:\/\/fundaciondingonatura.org\/en\/sin-limites\/#breadcrumb\",\"itemListElement\":[{\"@type\":\"ListItem\",\"position\":1,\"name\":\"Portada\",\"item\":\"https:\/\/fundaciondingonatura.org\/en\/\"},{\"@type\":\"ListItem\",\"position\":2,\"name\":\"Una sociedad m\u00e1s justa e inclusiva es posible.\"}]},{\"@type\":\"WebSite\",\"@id\":\"https:\/\/fundaciondingonatura.org\/en\/#website\",\"url\":\"https:\/\/fundaciondingonatura.org\/en\/\",\"name\":\"Fundaci\u00f3n Dingonatura\",\"description\":\"#Nuncam\u00e1ssinellos\",\"publisher\":{\"@id\":\"https:\/\/fundaciondingonatura.org\/en\/#organization\"},\"potentialAction\":[{\"@type\":\"SearchAction\",\"target\":{\"@type\":\"EntryPoint\",\"urlTemplate\":\"https:\/\/fundaciondingonatura.org\/en\/?s={search_term_string}\"},\"query-input\":{\"@type\":\"PropertyValueSpecification\",\"valueRequired\":true,\"valueName\":\"search_term_string\"}}],\"inLanguage\":\"en-US\"},{\"@type\":\"Organization\",\"@id\":\"https:\/\/fundaciondingonatura.org\/en\/#organization\",\"name\":\"Fundaci\u00f3n Dingonatura\",\"url\":\"https:\/\/fundaciondingonatura.org\/en\/\",\"logo\":{\"@type\":\"ImageObject\",\"inLanguage\":\"en-US\",\"@id\":\"https:\/\/fundaciondingonatura.org\/en\/#\/schema\/logo\/image\/\",\"url\":\"https:\/\/fundaciondingonatura.org\/wp-content\/uploads\/2022\/10\/logo-dingonatura.svg\",\"contentUrl\":\"https:\/\/fundaciondingonatura.org\/wp-content\/uploads\/2022\/10\/logo-dingonatura.svg\",\"width\":180,\"height\":45,\"caption\":\"Fundaci\u00f3n Dingonatura\"},\"image\":{\"@id\":\"https:\/\/fundaciondingonatura.org\/en\/#\/schema\/logo\/image\/\"}}]}<\/script>\n<!-- \/ Yoast SEO plugin. -->","yoast_head_json":{"title":"Una sociedad m\u00e1s justa e inclusiva es posible. - Fundaci\u00f3n Dingonatura","robots":{"index":"index","follow":"follow","max-snippet":"max-snippet:-1","max-image-preview":"max-image-preview:large","max-video-preview":"max-video-preview:-1"},"canonical":"https:\/\/fundaciondingonatura.org\/en\/sin-limites\/","og_locale":"en_US","og_type":"article","og_title":"Una sociedad m\u00e1s justa e inclusiva es posible. - Fundaci\u00f3n Dingonatura","og_description":"El mundo no es un lugar f\u00e1cil para todos, pero aquellos que luchan a contracorriente, superando barreras, son los que hacen que cada d\u00eda el presente y el futuro sean un poquito mejor. Por eso desde DingoNatura y Fundaci\u00f3n DingoNatura apoyamos a los atletas paral\u00edmpicos. Porque su lucha no es solo para ellos, sino para [&hellip;]","og_url":"https:\/\/fundaciondingonatura.org\/en\/sin-limites\/","og_site_name":"Fundaci\u00f3n Dingonatura","article_modified_time":"2024-07-19T10:37:52+00:00","og_image":[{"width":2456,"height":1242,"url":"https:\/\/fundaciondingonatura.org\/wp-content\/uploads\/2024\/07\/sin-limites.png","type":"image\/png"}],"twitter_card":"summary_large_image","twitter_misc":{"Est. reading time":"1 minute"},"schema":{"@context":"https:\/\/schema.org","@graph":[{"@type":"WebPage","@id":"https:\/\/fundaciondingonatura.org\/en\/sin-limites\/","url":"https:\/\/fundaciondingonatura.org\/en\/sin-limites\/","name":"Una sociedad m\u00e1s justa e inclusiva es posible. - Fundaci\u00f3n Dingonatura","isPartOf":{"@id":"https:\/\/fundaciondingonatura.org\/en\/#website"},"primaryImageOfPage":{"@id":"https:\/\/fundaciondingonatura.org\/en\/sin-limites\/#primaryimage"},"image":{"@id":"https:\/\/fundaciondingonatura.org\/en\/sin-limites\/#primaryimage"},"thumbnailUrl":"https:\/\/i0.wp.com\/fundaciondingonatura.org\/wp-content\/uploads\/2024\/07\/sin-limites.png?fit=2456%2C1242&ssl=1","datePublished":"2024-07-18T08:21:24+00:00","dateModified":"2024-07-19T10:37:52+00:00","breadcrumb":{"@id":"https:\/\/fundaciondingonatura.org\/en\/sin-limites\/#breadcrumb"},"inLanguage":"en-US","potentialAction":[{"@type":"ReadAction","target":["https:\/\/fundaciondingonatura.org\/en\/sin-limites\/"]}]},{"@type":"ImageObject","inLanguage":"en-US","@id":"https:\/\/fundaciondingonatura.org\/en\/sin-limites\/#primaryimage","url":"https:\/\/i0.wp.com\/fundaciondingonatura.org\/wp-content\/uploads\/2024\/07\/sin-limites.png?fit=2456%2C1242&ssl=1","contentUrl":"https:\/\/i0.wp.com\/fundaciondingonatura.org\/wp-content\/uploads\/2024\/07\/sin-limites.png?fit=2456%2C1242&ssl=1","width":2456,"height":1242,"caption":"Sin L\u00edmites"},{"@type":"BreadcrumbList","@id":"https:\/\/fundaciondingonatura.org\/en\/sin-limites\/#breadcrumb","itemListElement":[{"@type":"ListItem","position":1,"name":"Portada","item":"https:\/\/fundaciondingonatura.org\/en\/"},{"@type":"ListItem","position":2,"name":"Una sociedad m\u00e1s justa e inclusiva es posible."}]},{"@type":"WebSite","@id":"https:\/\/fundaciondingonatura.org\/en\/#website","url":"https:\/\/fundaciondingonatura.org\/en\/","name":"Fundaci\u00f3n Dingonatura","description":"#Nuncam\u00e1ssinellos","publisher":{"@id":"https:\/\/fundaciondingonatura.org\/en\/#organization"},"potentialAction":[{"@type":"SearchAction","target":{"@type":"EntryPoint","urlTemplate":"https:\/\/fundaciondingonatura.org\/en\/?s={search_term_string}"},"query-input":{"@type":"PropertyValueSpecification","valueRequired":true,"valueName":"search_term_string"}}],"inLanguage":"en-US"},{"@type":"Organization","@id":"https:\/\/fundaciondingonatura.org\/en\/#organization","name":"Fundaci\u00f3n Dingonatura","url":"https:\/\/fundaciondingonatura.org\/en\/","logo":{"@type":"ImageObject","inLanguage":"en-US","@id":"https:\/\/fundaciondingonatura.org\/en\/#\/schema\/logo\/image\/","url":"https:\/\/fundaciondingonatura.org\/wp-content\/uploads\/2022\/10\/logo-dingonatura.svg","contentUrl":"https:\/\/fundaciondingonatura.org\/wp-content\/uploads\/2022\/10\/logo-dingonatura.svg","width":180,"height":45,"caption":"Fundaci\u00f3n Dingonatura"},"image":{"@id":"https:\/\/fundaciondingonatura.org\/en\/#\/schema\/logo\/image\/"}}]}},"jetpack_sharing_enabled":true,"_links":{"self":[{"href":"https:\/\/fundaciondingonatura.org\/en\/wp-json\/wp\/v2\/pages\/995","targetHints":{"allow":["GET"]}}],"collection":[{"href":"https:\/\/fundaciondingonatura.org\/en\/wp-json\/wp\/v2\/pages"}],"about":[{"href":"https:\/\/fundaciondingonatura.org\/en\/wp-json\/wp\/v2\/types\/page"}],"author":[{"embeddable":true,"href":"https:\/\/fundaciondingonatura.org\/en\/wp-json\/wp\/v2\/users\/2"}],"replies":[{"embeddable":true,"href":"https:\/\/fundaciondingonatura.org\/en\/wp-json\/wp\/v2\/comments?post=995"}],"version-history":[{"count":5,"href":"https:\/\/fundaciondingonatura.org\/en\/wp-json\/wp\/v2\/pages\/995\/revisions"}],"predecessor-version":[{"id":1054,"href":"https:\/\/fundaciondingonatura.org\/en\/wp-json\/wp\/v2\/pages\/995\/revisions\/1054"}],"wp:featuredmedia":[{"embeddable":true,"href":"https:\/\/fundaciondingonatura.org\/en\/wp-json\/wp\/v2\/media\/1001"}],"wp:attachment":[{"href":"https:\/\/fundaciondingonatura.org\/en\/wp-json\/wp\/v2\/media?parent=995"}],"curies":[{"name":"wp","href":"https:\/\/api.w.org\/{rel}","templated":true}]}}